{"id":2811,"date":"2018-06-12T01:39:37","date_gmt":"2018-06-11T22:39:37","guid":{"rendered":"http:\/\/miikkakiminki.com\/?page_id=2811"},"modified":"2018-06-12T01:39:37","modified_gmt":"2018-06-11T22:39:37","slug":"leo-pekka-tahti","status":"publish","type":"page","link":"https:\/\/miikkakiminki.com\/?page_id=2811","title":{"rendered":"Leo-Pekka T\u00e4hti"},"content":{"rendered":"<p>Porilaisl\u00e4ht\u00f6inen ratakelaaja Leo-Pekka T\u00e4hti. Voittanut lukuisia mitaleita EM-kisoissa, MM-kisoissa, sek\u00e4 paralympialaisissa.<\/p>\n","protected":false},"excerpt":{"rendered":"<p>Porilaisl\u00e4ht\u00f6inen ratakelaaja Leo-Pekka T\u00e4hti. Voittanut lukuisia mitaleita EM-kisoissa, MM-kisoissa, sek\u00e4 paralympialaisissa.<\/p>\n","protected":false},"author":2,"featured_media":0,"parent":0,"menu_order":0,"comment_status":"closed","ping_status":"closed","template":"fancybox.php","meta":{"_monsterinsights_skip_tracking":false,"_monsterinsights_sitenote_active":false,"_monsterinsights_sitenote_note":"","_monsterinsights_sitenote_category":0,"footnotes":""},"_links":{"self":[{"href":"https:\/\/miikkakiminki.com\/index.php?rest_route=\/wp\/v2\/pages\/2811"}],"collection":[{"href":"https:\/\/miikkakiminki.com\/index.php?rest_route=\/wp\/v2\/pages"}],"about":[{"href":"https:\/\/miikkakiminki.com\/index.php?rest_route=\/wp\/v2\/types\/page"}],"author":[{"embeddable":true,"href":"https:\/\/miikkakiminki.com\/index.php?rest_route=\/wp\/v2\/users\/2"}],"replies":[{"embeddable":true,"href":"https:\/\/miikkakiminki.com\/index.php?rest_route=%2Fwp%2Fv2%2Fcomments&post=2811"}],"version-history":[{"count":3,"href":"https:\/\/miikkakiminki.com\/index.php?rest_route=\/wp\/v2\/pages\/2811\/revisions"}],"predecessor-version":[{"id":2822,"href":"https:\/\/miikkakiminki.com\/index.php?rest_route=\/wp\/v2\/pages\/2811\/revisions\/2822"}],"wp:attachment":[{"href":"https:\/\/miikkakiminki.com\/index.php?rest_route=%2Fwp%2Fv2%2Fmedia&parent=2811"}],"curies":[{"name":"wp","href":"https:\/\/api.w.org\/{rel}","templated":true}]}}