{"id":2737,"date":"2016-06-09T17:46:12","date_gmt":"2016-06-09T14:46:12","guid":{"rendered":"http:\/\/miikkakiminki.com\/?page_id=2737"},"modified":"2016-06-16T18:57:48","modified_gmt":"2016-06-16T15:57:48","slug":"toni-nieminen","status":"publish","type":"page","link":"https:\/\/miikkakiminki.com\/?page_id=2737","title":{"rendered":"Toni Nieminen"},"content":{"rendered":"<p>Toni Nieminen on tekem\u00e4ss\u00e4 paluuta m\u00e4kihypyn pariin yli 10 vuoden kilpailutauon j\u00e4lkeen. Yht\u00e4k\u00e4\u00e4n hyppy\u00e4 h\u00e4n ei ollut hyp\u00e4nnyt 12 vuoteen ennen t\u00e4m\u00e4n vuoden alkua. \u00a0Kaksinkertaisella olympiavoittajalla riitt\u00e4\u00e4 ep\u00e4ilij\u00f6it\u00e4. 41-vuotias m\u00e4kikotka on kuitenkin tosissaan ja asettanut \u00a0tavoitteet 2018 talviolympiakisoihin. Nieminen ei kuitenkaan mieti liikaa menestysmahdollisuuksiaan vaan uskoo, ett\u00e4 jotain hyv\u00e4\u00e4 t\u00e4st\u00e4kin seuraa.<\/p>\n<p>&nbsp;<\/p>\n<p>&nbsp;<\/p>\n<p>&nbsp;<\/p>\n","protected":false},"excerpt":{"rendered":"<p>Toni Nieminen on tekem\u00e4ss\u00e4 paluuta m\u00e4kihypyn pariin yli 10 vuoden kilpailutauon j\u00e4lkeen. Yht\u00e4k\u00e4\u00e4n hyppy\u00e4 h\u00e4n ei ollut hyp\u00e4nnyt 12 vuoteen ennen t\u00e4m\u00e4n vuoden alkua. \u00a0Kaksinkertaisella olympiavoittajalla riitt\u00e4\u00e4 ep\u00e4ilij\u00f6it\u00e4. 41-vuotias m\u00e4kikotka [&hellip;]<\/p>\n","protected":false},"author":2,"featured_media":0,"parent":0,"menu_order":0,"comment_status":"closed","ping_status":"closed","template":"fancybox.php","meta":{"_monsterinsights_skip_tracking":false,"_monsterinsights_sitenote_active":false,"_monsterinsights_sitenote_note":"","_monsterinsights_sitenote_category":0,"footnotes":""},"_links":{"self":[{"href":"https:\/\/miikkakiminki.com\/index.php?rest_route=\/wp\/v2\/pages\/2737"}],"collection":[{"href":"https:\/\/miikkakiminki.com\/index.php?rest_route=\/wp\/v2\/pages"}],"about":[{"href":"https:\/\/miikkakiminki.com\/index.php?rest_route=\/wp\/v2\/types\/page"}],"author":[{"embeddable":true,"href":"https:\/\/miikkakiminki.com\/index.php?rest_route=\/wp\/v2\/users\/2"}],"replies":[{"embeddable":true,"href":"https:\/\/miikkakiminki.com\/index.php?rest_route=%2Fwp%2Fv2%2Fcomments&post=2737"}],"version-history":[{"count":0,"href":"https:\/\/miikkakiminki.com\/index.php?rest_route=\/wp\/v2\/pages\/2737\/revisions"}],"wp:attachment":[{"href":"https:\/\/miikkakiminki.com\/index.php?rest_route=%2Fwp%2Fv2%2Fmedia&parent=2737"}],"curies":[{"name":"wp","href":"https:\/\/api.w.org\/{rel}","templated":true}]}}