{"id":2535,"date":"2014-11-04T00:36:32","date_gmt":"2014-11-03T22:36:32","guid":{"rendered":"http:\/\/miikkakiminki.com\/?page_id=2535"},"modified":"2016-10-18T13:35:44","modified_gmt":"2016-10-18T10:35:44","slug":"pukupakko","status":"publish","type":"page","link":"https:\/\/miikkakiminki.com\/?page_id=2535","title":{"rendered":"Pukupakko"},"content":{"rendered":"<p><a name=\"_GoBack\"><\/a><span style=\"font-family: 'Times New Roman', serif; color: #ffffff;\"><span style=\"font-size: medium;\"><span style=\"font-family: Georgia, serif;\"><span style=\"font-size: small;\"><b>Pukupakko<\/b><\/span><\/span><\/span><\/span><\/p>\n<p><span style=\"color: #ffffff;\">\u00a0<\/span><\/p>\n<p><span style=\"font-family: 'Times New Roman', serif; color: #ffffff;\"><span style=\"font-size: medium;\"><span style=\"font-family: Georgia, serif;\"><span style=\"font-size: small;\">Jos omaa is\u00e4\u00e4 ei ole ollut n\u00e4k\u00f6piiriss\u00e4? Jos h\u00e4nen kanssaan ei ole syntynyt mink\u00e4\u00e4nlaista suhdetta tai se on jostakin syyst\u00e4 hajonnut? Millaisista ihmisist\u00e4 ja tilanteista ihminen hakee ja l\u00f6yt\u00e4\u00e4 t\u00e4llaisessa tapauksessa miehen mallia? Mit\u00e4 tulee mahdollisesti tilalle jos oma \u201doikea\u201d is\u00e4 ei kuulu el\u00e4m\u00e4\u00e4n?<\/span><\/span><\/span><\/span><\/p>\n<p><span style=\"font-family: 'Times New Roman', serif; color: #ffffff;\"><span style=\"font-size: medium;\"><span style=\"font-family: Georgia, serif;\"><span style=\"font-size: small;\">N\u00e4m\u00e4 olivat p\u00e4\u00e4asiallisia kysymyksi\u00e4 ja ajatuksia, joita k\u00e4vin l\u00e4pi ennen ty\u00f6ni aloittamista. Ne toimivat minulle kysymyksin\u00e4, joihin l\u00e4hdin etsim\u00e4\u00e4n vastauksia ty\u00f6skentelyni avulla. Kuitenkin selvien vastausten l\u00f6ytyminen on ollut ep\u00e4varmaa ja en niit\u00e4 suoranaisesti odottanutkaan.<\/span><\/span><\/span><\/span><\/p>\n<p><span style=\"font-family: 'Times New Roman', serif; color: #ffffff;\"><span style=\"font-size: medium;\"><span style=\"font-family: Georgia, serif;\"><span style=\"font-size: small;\">Mit\u00e4 enemm\u00e4n olen aihetta k\u00e4sitellyt ja valokuvannut, on syntynyt aina vain enemm\u00e4n kysymyksi\u00e4. Esimerkiksi pit\u00e4\u00e4k\u00f6 miehen toimia jollakin tietyll\u00e4 tavalla tai j\u00e4tt\u00e4\u00e4 toimimatta saavuttaakseen miehekkyytens\u00e4? Kuka tai ketk\u00e4 tai mitk\u00e4 asiat miehekkyytt\u00e4 m\u00e4\u00e4rittelee?<\/span><\/span><\/span><\/span><\/p>\n<p><span style=\"font-family: 'Times New Roman', serif; color: #ffffff;\"><span style=\"font-size: medium;\"><span style=\"font-family: Georgia, serif;\"><span style=\"font-size: small;\">T\u00e4h\u00e4n asti kaikki valokuvaamani miehet ovat toimineet minulle omanlaisena miehen mallinaan. Toisten kanssa tuttavuus ja suhde on kest\u00e4nyt vain muutaman minuutin ja er\u00e4iden miesten kanssa olen tuntenut koko el\u00e4m\u00e4ni.<\/span><\/span><\/span><\/span><\/p>\n<p><span style=\"font-family: 'Times New Roman', serif; color: #ffffff;\"><span style=\"font-size: medium;\"><span style=\"font-family: Georgia, serif;\"><span style=\"font-size: small;\">Olen k\u00e4ytt\u00e4nyt ty\u00f6ss\u00e4ni uusien valokuvien lis\u00e4ksi vanhoja perheeni albumikuvia, vanhoja piirustuksiani ja teksti\u00e4 lauseina, jotka ovat syntyneet p\u00e4\u00e4asiallisesti oman ja yleisen miehisyyden ihmettelyn tuloksena.<\/span><\/span><\/span><\/span><\/p>\n<p><span style=\"font-family: 'Times New Roman', serif; color: #ffffff;\"><span style=\"font-size: medium;\"><span style=\"font-family: Georgia, serif;\"><span style=\"font-size: small;\">On ollut mielenkiintoista huomata, kuinka jo lapsena piirteli samoja asioita, joita nyky\u00e4\u00e4n huomaa ihmettelev\u00e4n ja puhuttavan. Esimerkiksi seksi, v\u00e4kivalta, aseet, alkoholi ja moottoriajoneuvot ovat olleet aiheita, joita l\u00f6ytyi vanhoista piirustuksistani.<\/span><\/span><\/span><\/span><\/p>\n<p><span style=\"font-family: 'Times New Roman', serif; color: #ffffff;\"><span style=\"font-size: medium;\"><span style=\"font-family: Georgia, serif;\"><span style=\"font-size: small;\">Tavoitteenani on ollut k\u00e4sitell\u00e4 ty\u00f6ni aihetta omien miehisten kokemuksien ja kysymyksien kautta ja n\u00e4in ollen my\u00f6s yleisell\u00e4 tasolla kertoa jonkinlaista miehisyyden tarinaa. Toivon, ett\u00e4 omakohtainen aiheen ihmettely voisi siirty\u00e4 joskus eteenp\u00e4in tekij\u00e4st\u00e4 katsojaan ja teoksesta kokijaan.<\/span><\/span><\/span><\/span><\/p>\n<p><span style=\"font-family: 'Times New Roman', serif; color: #ffffff;\"><span style=\"font-size: medium;\"><span style=\"font-family: Georgia, serif;\"><span style=\"font-size: small;\">Olen halunnut ty\u00f6ni synnytt\u00e4v\u00e4n samanlaisia tuntemuksia ja ajatuksia kuin minulla on koko miehisyytt\u00e4 kohtaan, huumoria ja vakavoitumista vuoron per\u00e4\u00e4n.<\/span><\/span><\/span><\/span><\/p>\n","protected":false},"excerpt":{"rendered":"<p>Pukupakko \u00a0 Jos omaa is\u00e4\u00e4 ei ole ollut n\u00e4k\u00f6piiriss\u00e4? Jos h\u00e4nen kanssaan ei ole syntynyt mink\u00e4\u00e4nlaista suhdetta tai se on jostakin syyst\u00e4 hajonnut? Millaisista ihmisist\u00e4 ja tilanteista ihminen hakee ja [&hellip;]<\/p>\n","protected":false},"author":2,"featured_media":0,"parent":0,"menu_order":0,"comment_status":"closed","ping_status":"closed","template":"fancybox.php","meta":{"_monsterinsights_skip_tracking":false,"_monsterinsights_sitenote_active":false,"_monsterinsights_sitenote_note":"","_monsterinsights_sitenote_category":0,"footnotes":""},"_links":{"self":[{"href":"https:\/\/miikkakiminki.com\/index.php?rest_route=\/wp\/v2\/pages\/2535"}],"collection":[{"href":"https:\/\/miikkakiminki.com\/index.php?rest_route=\/wp\/v2\/pages"}],"about":[{"href":"https:\/\/miikkakiminki.com\/index.php?rest_route=\/wp\/v2\/types\/page"}],"author":[{"embeddable":true,"href":"https:\/\/miikkakiminki.com\/index.php?rest_route=\/wp\/v2\/users\/2"}],"replies":[{"embeddable":true,"href":"https:\/\/miikkakiminki.com\/index.php?rest_route=%2Fwp%2Fv2%2Fcomments&post=2535"}],"version-history":[{"count":0,"href":"https:\/\/miikkakiminki.com\/index.php?rest_route=\/wp\/v2\/pages\/2535\/revisions"}],"wp:attachment":[{"href":"https:\/\/miikkakiminki.com\/index.php?rest_route=%2Fwp%2Fv2%2Fmedia&parent=2535"}],"curies":[{"name":"wp","href":"https:\/\/api.w.org\/{rel}","templated":true}]}}